{"id":3038,"date":"2025-11-09T13:59:16","date_gmt":"2025-11-09T12:59:16","guid":{"rendered":"https:\/\/www.kampfumanurin.de\/shop\/?post_type=product&#038;p=3038"},"modified":"2025-11-10T09:05:02","modified_gmt":"2025-11-10T08:05:02","slug":"bundle-magische-winterabende","status":"publish","type":"product","link":"https:\/\/www.kampfumanurin.de\/shop\/produkt\/bundle-magische-winterabende\/","title":{"rendered":"Bundle \u201eMagische Winterabende\u201c"},"content":{"rendered":"<h3><b>F\u00fcr N\u00e4chte, in denen die Zeit stillsteht.<\/b><\/h3>\n<p><b><\/b>Das Bundle <i>\u201eMagische Winterabende\u201c<\/i> vereint einen Roman aus der <i>Kampf um Anurin<\/i>-Reihe mit der handgegossenen <span class=\"s1\"><b>Buchkerze<\/b><\/span>, der gro\u00dfformatigen <span class=\"s1\"><b>A4-Karte \u201eAnurin \u2013 Winteredition 25\/26\u201c<\/b><\/span> und der <span class=\"s1\"><b>Postkarte \u201eGr\u00fc\u00dfe aus der Stadt der Uhren\u201c<\/b><\/span> \u2013 einem Gru\u00df aus der Welt, in der alles begann.<\/p>\n","protected":false},"excerpt":{"rendered":"<p>Ein literarisches Bundle f\u00fcr lange Winterabende: Roman aus <i>Kampf um Anurin<\/i>, handgegossene Kerze, A4-Karte von Anurin &amp; Postkarte.<\/p>\n<p>In sehr schicker Geschenkverpackung mit Anurin-Anh\u00e4nger und Schleife.<\/p>\n<ul>\n<li>1 Roman nach Wahl (<i>Arden<\/i>, <i>Nimra Lod<\/i> oder <i>Galdra<\/i>)<\/li>\n<li>Handgegossene Buchkerze aus 100 % Bio-Rapswachs, mit \u00e4therischen \u00d6len<\/li>\n<li>Postkarte <i>\u201eGr\u00fc\u00dfe aus der Stadt der Uhren\u201c<\/i><\/li>\n<li><i><\/i>A4-Karte <i>\u201eAnurin \u2013 Winteredition 25\/26\u201c<\/i> \u00b7 150 g Naturpapier<\/li>\n<li>Geschenkverpackung (schwarz)<\/li>\n<\/ul>\n","protected":false},"featured_media":3046,"template":"","meta":[],"product_brand":[],"product_cat":[169],"product_tag":[189,190,191,192,193,194,195,196,178],"class_list":{"0":"post-3038","1":"product","2":"type-product","3":"status-publish","4":"has-post-thumbnail","6":"product_cat-papier-licht-und-kostbarkeiten","7":"product_tag-bundle","8":"product_tag-winter","9":"product_tag-anurin","10":"product_tag-kerze","11":"product_tag-roman","12":"product_tag-ritual","13":"product_tag-weihnachten","14":"product_tag-buchgeschenk","15":"product_tag-geschenk","17":"first","18":"instock","19":"shipping-taxable","20":"purchasable","21":"product-type-variable"},"jetpack-related-posts":[{"id":2970,"url":"https:\/\/www.kampfumanurin.de\/shop\/produkt\/buchkerze-kampf-um-anurin\/","url_meta":{"origin":3038,"position":0},"title":"Buchkerze &#8222;Kampf um Anurin&#8220;","author":"antje-niendorf","date":"8. November 2025","format":false,"excerpt":"Handgegossene Kerze aus 100 % Bio-Rapswachs mit \u00e4therischen \u00d6len. Motiv-Label \u201eKampf um Anurin\u201c \u2013 ein stilles Licht f\u00fcr lange Winterabende. Gewicht 75 g Brenndauer ca. 15 Stunden Duft sanft, naturrein 100 % Bio-Rapswachs, \u00e4therische \u00d6le Handgegossen in Deutschland","rel":"","context":"\u00c4hnlicher Beitrag","block_context":{"text":"\u00c4hnlicher Beitrag","link":""},"img":{"alt_text":"","src":"https:\/\/i0.wp.com\/www.kampfumanurin.de\/shop\/wp-content\/uploads\/2025\/11\/Buchkerzen-scaled.jpg?fit=1200%2C942&ssl=1&resize=350%2C200","width":350,"height":200,"srcset":"https:\/\/i0.wp.com\/www.kampfumanurin.de\/shop\/wp-content\/uploads\/2025\/11\/Buchkerzen-scaled.jpg?fit=1200%2C942&ssl=1&resize=350%2C200 1x, https:\/\/i0.wp.com\/www.kampfumanurin.de\/shop\/wp-content\/uploads\/2025\/11\/Buchkerzen-scaled.jpg?fit=1200%2C942&ssl=1&resize=525%2C300 1.5x, https:\/\/i0.wp.com\/www.kampfumanurin.de\/shop\/wp-content\/uploads\/2025\/11\/Buchkerzen-scaled.jpg?fit=1200%2C942&ssl=1&resize=700%2C400 2x, https:\/\/i0.wp.com\/www.kampfumanurin.de\/shop\/wp-content\/uploads\/2025\/11\/Buchkerzen-scaled.jpg?fit=1200%2C942&ssl=1&resize=1050%2C600 3x"},"classes":[]},{"id":2860,"url":"https:\/\/www.kampfumanurin.de\/shop\/produkt\/karte-von-anurin-geschenk-der-winteredition-2025-26\/","url_meta":{"origin":3038,"position":1},"title":"Karte von Anurin \u2013 Geschenk der Winteredition 2025\/26","author":"antje-niendorf","date":"2. November 2025","format":false,"excerpt":"Gratis A4-Karte von Anurin auf Naturpapier (150 g\/qm) \u2013 f\u00fcr den Kauf eines Buches aus der Reihe Kampf um Anurin im Dezember. Limitierte Winteredition 2025\/26 \u00b7 solange Vorrat reicht.","rel":"","context":"\u00c4hnlicher Beitrag","block_context":{"text":"\u00c4hnlicher Beitrag","link":""},"img":{"alt_text":"","src":"https:\/\/i0.wp.com\/www.kampfumanurin.de\/shop\/wp-content\/uploads\/2025\/11\/PBA4-Karte-Anurin-2025-scaled.png?fit=1200%2C900&ssl=1&resize=350%2C200","width":350,"height":200,"srcset":"https:\/\/i0.wp.com\/www.kampfumanurin.de\/shop\/wp-content\/uploads\/2025\/11\/PBA4-Karte-Anurin-2025-scaled.png?fit=1200%2C900&ssl=1&resize=350%2C200 1x, https:\/\/i0.wp.com\/www.kampfumanurin.de\/shop\/wp-content\/uploads\/2025\/11\/PBA4-Karte-Anurin-2025-scaled.png?fit=1200%2C900&ssl=1&resize=525%2C300 1.5x, https:\/\/i0.wp.com\/www.kampfumanurin.de\/shop\/wp-content\/uploads\/2025\/11\/PBA4-Karte-Anurin-2025-scaled.png?fit=1200%2C900&ssl=1&resize=700%2C400 2x, https:\/\/i0.wp.com\/www.kampfumanurin.de\/shop\/wp-content\/uploads\/2025\/11\/PBA4-Karte-Anurin-2025-scaled.png?fit=1200%2C900&ssl=1&resize=1050%2C600 3x"},"classes":[]},{"id":1511,"url":"https:\/\/www.kampfumanurin.de\/shop\/produkt\/kampf-um-anurin-band-2-nimralod\/","url_meta":{"origin":3038,"position":2},"title":"Kampf um Anurin 2 \u2013 Nimra Lod","author":"antje-niendorf","date":"14. April 2023","format":false,"excerpt":"Der zweite Teil der gefeierten Fantasy-Saga \u2013 dunkler, tiefer, unvergesslich. Informationen und Leseprobe Einband: Hardcover Seitenanzahl: 480 Seiten Gr\u00f6\u00dfe (BxHxT): 15.2 x 22.4 x 3.7 cm empfohlen ab: 14 Jahre Hrsg. Antje Niendorf (Nova MD) Erscheinungstermin: 8.5.2023 ISBN: 978-3-98595-906-8","rel":"","context":"\u00c4hnlicher Beitrag","block_context":{"text":"\u00c4hnlicher Beitrag","link":""},"img":{"alt_text":"","src":"https:\/\/i0.wp.com\/www.kampfumanurin.de\/shop\/wp-content\/uploads\/2025\/10\/NimraLod.png?fit=800%2C600&ssl=1&resize=350%2C200","width":350,"height":200,"srcset":"https:\/\/i0.wp.com\/www.kampfumanurin.de\/shop\/wp-content\/uploads\/2025\/10\/NimraLod.png?fit=800%2C600&ssl=1&resize=350%2C200 1x, https:\/\/i0.wp.com\/www.kampfumanurin.de\/shop\/wp-content\/uploads\/2025\/10\/NimraLod.png?fit=800%2C600&ssl=1&resize=525%2C300 1.5x, https:\/\/i0.wp.com\/www.kampfumanurin.de\/shop\/wp-content\/uploads\/2025\/10\/NimraLod.png?fit=800%2C600&ssl=1&resize=700%2C400 2x"},"classes":[]},{"id":991,"url":"https:\/\/www.kampfumanurin.de\/shop\/produkt\/kampf-um-anurin-1-arden\/","url_meta":{"origin":3038,"position":3},"title":"Kampf um Anurin 1 \u2013 Arden","author":"antje-niendorf","date":"14. M\u00e4rz 2022","format":false,"excerpt":"Der Auftakt einer epischen Fantasy-Saga \u00fcber Macht, Magie und den Preis der Freiheit. Informationen und Leseprobe Einband: Hardcover Seitenanzahl: 450 Seiten Gr\u00f6\u00dfe (BxHxT): 15.2 x 22.4 x 3.7 cm empfohlen ab: 14 Jahre Hrsg. Antje Niendorf (Nova MD) Erscheinungstermin: 27.10.2021 ISBN: 978-3-969667-83-5","rel":"","context":"\u00c4hnlicher Beitrag","block_context":{"text":"\u00c4hnlicher Beitrag","link":""},"img":{"alt_text":"","src":"https:\/\/i0.wp.com\/www.kampfumanurin.de\/shop\/wp-content\/uploads\/2025\/10\/Arden.png?fit=800%2C600&ssl=1&resize=350%2C200","width":350,"height":200,"srcset":"https:\/\/i0.wp.com\/www.kampfumanurin.de\/shop\/wp-content\/uploads\/2025\/10\/Arden.png?fit=800%2C600&ssl=1&resize=350%2C200 1x, https:\/\/i0.wp.com\/www.kampfumanurin.de\/shop\/wp-content\/uploads\/2025\/10\/Arden.png?fit=800%2C600&ssl=1&resize=525%2C300 1.5x, https:\/\/i0.wp.com\/www.kampfumanurin.de\/shop\/wp-content\/uploads\/2025\/10\/Arden.png?fit=800%2C600&ssl=1&resize=700%2C400 2x"},"classes":[]},{"id":2330,"url":"https:\/\/www.kampfumanurin.de\/shop\/produkt\/kampf-um-anurin-band-3-galdra\/","url_meta":{"origin":3038,"position":4},"title":"Kampf um Anurin 3 \u2013 Galdra","author":"antje-niendorf","date":"28. Mai 2025","format":false,"excerpt":"Der dritte Teil der Saga \u2013 der Sturm erreicht das Herz von Anurin. Informationen und Leseprobe Einband: Hardcover Seitenanzahl: 476 Seiten Gr\u00f6\u00dfe (BxHxT): 15.2 x 22.4 x 3.7 cm empfohlen ab: 14 Jahren Erscheinungstermin: 13. Juni 2025 ISBN: 978-3-00-082967-3","rel":"","context":"\u00c4hnlicher Beitrag","block_context":{"text":"\u00c4hnlicher Beitrag","link":""},"img":{"alt_text":"","src":"https:\/\/i0.wp.com\/www.kampfumanurin.de\/shop\/wp-content\/uploads\/2025\/10\/Galdra.png?fit=800%2C600&ssl=1&resize=350%2C200","width":350,"height":200,"srcset":"https:\/\/i0.wp.com\/www.kampfumanurin.de\/shop\/wp-content\/uploads\/2025\/10\/Galdra.png?fit=800%2C600&ssl=1&resize=350%2C200 1x, https:\/\/i0.wp.com\/www.kampfumanurin.de\/shop\/wp-content\/uploads\/2025\/10\/Galdra.png?fit=800%2C600&ssl=1&resize=525%2C300 1.5x, https:\/\/i0.wp.com\/www.kampfumanurin.de\/shop\/wp-content\/uploads\/2025\/10\/Galdra.png?fit=800%2C600&ssl=1&resize=700%2C400 2x"},"classes":[]},{"id":2999,"url":"https:\/\/www.kampfumanurin.de\/shop\/produkt\/t-shirt-kampf-um-anurin\/","url_meta":{"origin":3038,"position":5},"title":"T-Shirt Kampf um Anurin","author":"antje-niendorf","date":"9. November 2025","format":false,"excerpt":"Schlicht, klar, best\u00e4ndig \u2013 ein St\u00fcck der Welt von Anurin zum Anziehen. 100 % Baumwolle, Navy, beidseitiger Siebdruck in Wei\u00df. Farbe: Navy Material: 100 % Baumwolle Druck: Wei\u00df (Siebdruck \/ Direktdruck bei Kindergr\u00f6\u00dfen) Gr\u00f6\u00dfen Damen: XS \u2013 XL (tailliert) Gr\u00f6\u00dfen Herren: S \u2013 4XL (klassischer Schnitt) Gr\u00f6\u00dfen Kinder: 140 \/\u2026","rel":"","context":"\u00c4hnlicher Beitrag","block_context":{"text":"\u00c4hnlicher Beitrag","link":""},"img":{"alt_text":"","src":"https:\/\/i0.wp.com\/www.kampfumanurin.de\/shop\/wp-content\/uploads\/2025\/11\/T-Shirt-4.jpg?fit=1200%2C900&ssl=1&resize=350%2C200","width":350,"height":200,"srcset":"https:\/\/i0.wp.com\/www.kampfumanurin.de\/shop\/wp-content\/uploads\/2025\/11\/T-Shirt-4.jpg?fit=1200%2C900&ssl=1&resize=350%2C200 1x, https:\/\/i0.wp.com\/www.kampfumanurin.de\/shop\/wp-content\/uploads\/2025\/11\/T-Shirt-4.jpg?fit=1200%2C900&ssl=1&resize=525%2C300 1.5x, https:\/\/i0.wp.com\/www.kampfumanurin.de\/shop\/wp-content\/uploads\/2025\/11\/T-Shirt-4.jpg?fit=1200%2C900&ssl=1&resize=700%2C400 2x, https:\/\/i0.wp.com\/www.kampfumanurin.de\/shop\/wp-content\/uploads\/2025\/11\/T-Shirt-4.jpg?fit=1200%2C900&ssl=1&resize=1050%2C600 3x"},"classes":[]}],"jetpack_sharing_enabled":true,"_links":{"self":[{"href":"https:\/\/www.kampfumanurin.de\/shop\/wp-json\/wp\/v2\/product\/3038","targetHints":{"allow":["GET"]}}],"collection":[{"href":"https:\/\/www.kampfumanurin.de\/shop\/wp-json\/wp\/v2\/product"}],"about":[{"href":"https:\/\/www.kampfumanurin.de\/shop\/wp-json\/wp\/v2\/types\/product"}],"wp:featuredmedia":[{"embeddable":true,"href":"https:\/\/www.kampfumanurin.de\/shop\/wp-json\/wp\/v2\/media\/3046"}],"wp:attachment":[{"href":"https:\/\/www.kampfumanurin.de\/shop\/wp-json\/wp\/v2\/media?parent=3038"}],"wp:term":[{"taxonomy":"product_brand","embeddable":true,"href":"https:\/\/www.kampfumanurin.de\/shop\/wp-json\/wp\/v2\/product_brand?post=3038"},{"taxonomy":"product_cat","embeddable":true,"href":"https:\/\/www.kampfumanurin.de\/shop\/wp-json\/wp\/v2\/product_cat?post=3038"},{"taxonomy":"product_tag","embeddable":true,"href":"https:\/\/www.kampfumanurin.de\/shop\/wp-json\/wp\/v2\/product_tag?post=3038"}],"curies":[{"name":"wp","href":"https:\/\/api.w.org\/{rel}","templated":true}]}}