{"id":2842,"date":"2025-10-30T09:51:43","date_gmt":"2025-10-30T08:51:43","guid":{"rendered":"https:\/\/www.kampfumanurin.de\/shop\/?post_type=product&#038;p=2842"},"modified":"2025-11-14T08:34:58","modified_gmt":"2025-11-14T07:34:58","slug":"fine-art-print-blieb-ich-doch-dort","status":"publish","type":"product","link":"https:\/\/www.kampfumanurin.de\/shop\/produkt\/fine-art-print-blieb-ich-doch-dort\/","title":{"rendered":"Fine-Art-Print Das versch\u00fcttete Schweigen"},"content":{"rendered":"<p class=\"p1\">Fine-Art-Print aus der Reihe <i>Blieb ich doch dort, wo der Horizont sich golden \u00a0f\u00e4rbte<\/i>\u00a0\u2013 auf Hahnem\u00fchle Photo Matt Fibre (200 g\/m\u00b2), 40 \u00d7 30 cm, naturwei\u00df, fein texturiert. Auf 10 St\u00fcck limitiert.<\/p>\n<ul>\n<li class=\"p1\">Format 30 \u00d7 40 cm<\/li>\n<li class=\"p1\">Hahnem\u00fchle Photo Matt Fibre, 200 g\/m\u00b2<\/li>\n<li class=\"p1\">\u00a0naturwei\u00df, leicht texturierte Oberfl\u00e4che<\/li>\n<li class=\"p1\">limitierte Auflage, handsigniert und nummeriert<\/li>\n<li class=\"p1\">Pigmentdruck in Galeriequalit\u00e4t<\/li>\n<li class=\"p1\">Lieferung flachliegend und gesch\u00fctzt<\/li>\n<li>Der Rahmen dient nur der Darstellung und ist nicht erh\u00e4ltlich.<\/li>\n<\/ul>\n","protected":false},"excerpt":{"rendered":"<p class=\"p1\"><span class=\"s1\">Dieser <\/span><b>Fine-Art-Print aus der Reihe <i>Blieb ich doch dort, wo der Horizont sich golden \u00a0f\u00e4rbte<\/i><\/b><span class=\"s1\">\u00a0erscheint in einer <\/span><b>limitierten Auflage von 10 Exemplaren<\/b><span class=\"s1\"> \u2013<\/span><\/p>\n<p class=\"p2\">gedruckt auf <span class=\"s2\"><b>Hahnem\u00fchle Photo Matt Fibre<\/b><\/span>, einem naturwei\u00dfen, leicht texturierten Papier mit matter Tiefe und feinem Griff.<\/p>\n<p class=\"p2\">Jeder Druck entsteht einzeln, wird sorgf\u00e4ltig kontrolliert, <span class=\"s2\"><b>nummeriert und handsigniert.\u00a0<\/b><\/span><\/p>\n<ul>\n<li>Der Rahmen dient nur der Darstellung und ist nicht erh\u00e4ltlich.<\/li>\n<\/ul>\n","protected":false},"featured_media":2939,"template":"","meta":[],"product_brand":[],"product_cat":[145,167],"product_tag":[],"class_list":{"0":"post-2842","1":"product","2":"type-product","3":"status-publish","4":"has-post-thumbnail","6":"product_cat-kunstedition-2025-26","7":"product_cat-fine-art-prints","8":"product_shipping_class-standard","10":"first","11":"instock","12":"shipping-taxable","13":"purchasable","14":"product-type-simple"},"jetpack-related-posts":[{"id":2841,"url":"https:\/\/www.kampfumanurin.de\/shop\/produkt\/fine-art-print-blieb-ich-doch-dort-wo-der-horizont\/","url_meta":{"origin":2842,"position":0},"title":"Fine-Art-Print Blieb ich doch dort, wo der Horizont&#8230;","author":"antje-niendorf","date":"30. Oktober 2025","format":false,"excerpt":"Dieser Fine-Art-Print aus der Reihe Blieb ich doch dort, wo der Horizont sich golden \u00a0f\u00e4rbte\u00a0erscheint in einer limitierten Auflage von 10 Exemplaren \u2013 gedruckt auf Hahnem\u00fchle Photo Matt Fibre, einem naturwei\u00dfen, leicht texturierten Papier mit matter Tiefe und feinem Griff. Jeder Druck entsteht einzeln, wird sorgf\u00e4ltig kontrolliert, nummeriert und handsigniert.\u2026","rel":"","context":"\u00c4hnlicher Beitrag","block_context":{"text":"\u00c4hnlicher Beitrag","link":""},"img":{"alt_text":"","src":"https:\/\/i0.wp.com\/www.kampfumanurin.de\/shop\/wp-content\/uploads\/2025\/11\/Poster-Pferd-2.jpg?fit=1200%2C900&ssl=1&resize=350%2C200","width":350,"height":200,"srcset":"https:\/\/i0.wp.com\/www.kampfumanurin.de\/shop\/wp-content\/uploads\/2025\/11\/Poster-Pferd-2.jpg?fit=1200%2C900&ssl=1&resize=350%2C200 1x, https:\/\/i0.wp.com\/www.kampfumanurin.de\/shop\/wp-content\/uploads\/2025\/11\/Poster-Pferd-2.jpg?fit=1200%2C900&ssl=1&resize=525%2C300 1.5x, https:\/\/i0.wp.com\/www.kampfumanurin.de\/shop\/wp-content\/uploads\/2025\/11\/Poster-Pferd-2.jpg?fit=1200%2C900&ssl=1&resize=700%2C400 2x, https:\/\/i0.wp.com\/www.kampfumanurin.de\/shop\/wp-content\/uploads\/2025\/11\/Poster-Pferd-2.jpg?fit=1200%2C900&ssl=1&resize=1050%2C600 3x"},"classes":[]},{"id":2840,"url":"https:\/\/www.kampfumanurin.de\/shop\/produkt\/fine-art-print-zornsteuern\/","url_meta":{"origin":2842,"position":1},"title":"Fine-Art-Print Zornsteuern","author":"antje-niendorf","date":"30. Oktober 2025","format":false,"excerpt":"Dieser Fine-Art-Print aus der Reihe Wutfabrik erscheint in einer limitierten Auflage von 10 Exemplaren \u2013 gedruckt auf Hahnem\u00fchle Photo Matt Fibre, einem naturwei\u00dfen, leicht texturierten Papier mit matter Tiefe und feinem Griff. Jeder Druck entsteht einzeln, wird sorgf\u00e4ltig kontrolliert, nummeriert und handsigniert.","rel":"","context":"\u00c4hnlicher Beitrag","block_context":{"text":"\u00c4hnlicher Beitrag","link":""},"img":{"alt_text":"","src":"https:\/\/i0.wp.com\/www.kampfumanurin.de\/shop\/wp-content\/uploads\/2025\/11\/Poster-Zornsteuern-scaled-e1762636400956.jpg?fit=1200%2C787&ssl=1&resize=350%2C200","width":350,"height":200,"srcset":"https:\/\/i0.wp.com\/www.kampfumanurin.de\/shop\/wp-content\/uploads\/2025\/11\/Poster-Zornsteuern-scaled-e1762636400956.jpg?fit=1200%2C787&ssl=1&resize=350%2C200 1x, https:\/\/i0.wp.com\/www.kampfumanurin.de\/shop\/wp-content\/uploads\/2025\/11\/Poster-Zornsteuern-scaled-e1762636400956.jpg?fit=1200%2C787&ssl=1&resize=525%2C300 1.5x, https:\/\/i0.wp.com\/www.kampfumanurin.de\/shop\/wp-content\/uploads\/2025\/11\/Poster-Zornsteuern-scaled-e1762636400956.jpg?fit=1200%2C787&ssl=1&resize=700%2C400 2x, https:\/\/i0.wp.com\/www.kampfumanurin.de\/shop\/wp-content\/uploads\/2025\/11\/Poster-Zornsteuern-scaled-e1762636400956.jpg?fit=1200%2C787&ssl=1&resize=1050%2C600 3x"},"classes":[]},{"id":2770,"url":"https:\/\/www.kampfumanurin.de\/shop\/produkt\/fine-art-print-wutfabrik\/","url_meta":{"origin":2842,"position":2},"title":"Fine-Art-Print Wutfabrik","author":"antje-niendorf","date":"28. Oktober 2025","format":false,"excerpt":"Dieser Fine-Art-Print aus der Reihe Wutfabrik erscheint in einer limitierten Auflage von 10 Exemplaren \u2013 gedruckt auf Hahnem\u00fchle Photo Matt Fibre, einem naturwei\u00dfen, leicht texturierten Papier mit matter Tiefe und feinem Griff. Jeder Druck entsteht einzeln, wird sorgf\u00e4ltig kontrolliert, nummeriert und handsigniert.","rel":"","context":"\u00c4hnlicher Beitrag","block_context":{"text":"\u00c4hnlicher Beitrag","link":""},"img":{"alt_text":"","src":"https:\/\/i0.wp.com\/www.kampfumanurin.de\/shop\/wp-content\/uploads\/2025\/10\/Poster-Wutfabrik.jpg?fit=1200%2C919&ssl=1&resize=350%2C200","width":350,"height":200,"srcset":"https:\/\/i0.wp.com\/www.kampfumanurin.de\/shop\/wp-content\/uploads\/2025\/10\/Poster-Wutfabrik.jpg?fit=1200%2C919&ssl=1&resize=350%2C200 1x, https:\/\/i0.wp.com\/www.kampfumanurin.de\/shop\/wp-content\/uploads\/2025\/10\/Poster-Wutfabrik.jpg?fit=1200%2C919&ssl=1&resize=525%2C300 1.5x, https:\/\/i0.wp.com\/www.kampfumanurin.de\/shop\/wp-content\/uploads\/2025\/10\/Poster-Wutfabrik.jpg?fit=1200%2C919&ssl=1&resize=700%2C400 2x, https:\/\/i0.wp.com\/www.kampfumanurin.de\/shop\/wp-content\/uploads\/2025\/10\/Poster-Wutfabrik.jpg?fit=1200%2C919&ssl=1&resize=1050%2C600 3x"},"classes":[]},{"id":2885,"url":"https:\/\/www.kampfumanurin.de\/shop\/produkt\/leinwand-print-blieb-ich-doch-dort\/","url_meta":{"origin":2842,"position":3},"title":"Leinwand-Print Blieb ich doch dort&#8230;","author":"antje-niendorf","date":"2. November 2025","format":false,"excerpt":"Aus der Reihe Blieb ich doch dort, wo der Horizont sich golden f\u00e4rbte, \u00fcbertragen auf Leinwand. Der Druck wird auf 340 g\/m\u00b2 Canvas gefertigt, auf einen FSC-zertifizierten Echtholz-Keilrahmen gespannt und in meiner Werkstatt sorgf\u00e4ltig gepr\u00fcft, signiert und nummeriert. Jede Leinwand ist Teil einer kleinen Auflage von 10 Exemplaren \u2013 eigenst\u00e4ndig\u2026","rel":"","context":"\u00c4hnlicher Beitrag","block_context":{"text":"\u00c4hnlicher Beitrag","link":""},"img":{"alt_text":"","src":"https:\/\/i0.wp.com\/www.kampfumanurin.de\/shop\/wp-content\/uploads\/2025\/11\/Leinwand-Pferd-scaled-e1762617308810.jpg?fit=1200%2C900&ssl=1&resize=350%2C200","width":350,"height":200,"srcset":"https:\/\/i0.wp.com\/www.kampfumanurin.de\/shop\/wp-content\/uploads\/2025\/11\/Leinwand-Pferd-scaled-e1762617308810.jpg?fit=1200%2C900&ssl=1&resize=350%2C200 1x, https:\/\/i0.wp.com\/www.kampfumanurin.de\/shop\/wp-content\/uploads\/2025\/11\/Leinwand-Pferd-scaled-e1762617308810.jpg?fit=1200%2C900&ssl=1&resize=525%2C300 1.5x, https:\/\/i0.wp.com\/www.kampfumanurin.de\/shop\/wp-content\/uploads\/2025\/11\/Leinwand-Pferd-scaled-e1762617308810.jpg?fit=1200%2C900&ssl=1&resize=700%2C400 2x, https:\/\/i0.wp.com\/www.kampfumanurin.de\/shop\/wp-content\/uploads\/2025\/11\/Leinwand-Pferd-scaled-e1762617308810.jpg?fit=1200%2C900&ssl=1&resize=1050%2C600 3x"},"classes":[]},{"id":2886,"url":"https:\/\/www.kampfumanurin.de\/shop\/produkt\/leinwand-print-im-spiegelmagazin\/","url_meta":{"origin":2842,"position":4},"title":"Leinwand-Print Im Spiegelmagazin","author":"antje-niendorf","date":"2. November 2025","format":false,"excerpt":"Aus der Reihe Blieb ich doch dort, wo der Horizont sich golden f\u00e4rbte. Der Druck wird auf 340 g\/m\u00b2 Canvas gefertigt, auf einen FSC-zertifizierten Echtholz-Keilrahmen gespannt und in meiner Werkstatt sorgf\u00e4ltig gepr\u00fcft, signiert und nummeriert. Jede Leinwand ist Teil einer kleinen Auflage von 10 Exemplaren \u2013 eigenst\u00e4ndig in ihrer Wirkung,\u2026","rel":"","context":"\u00c4hnlicher Beitrag","block_context":{"text":"\u00c4hnlicher Beitrag","link":""},"img":{"alt_text":"","src":"https:\/\/i0.wp.com\/www.kampfumanurin.de\/shop\/wp-content\/uploads\/2025\/11\/Leinwand-Taube2-1.jpg?fit=1200%2C940&ssl=1&resize=350%2C200","width":350,"height":200,"srcset":"https:\/\/i0.wp.com\/www.kampfumanurin.de\/shop\/wp-content\/uploads\/2025\/11\/Leinwand-Taube2-1.jpg?fit=1200%2C940&ssl=1&resize=350%2C200 1x, https:\/\/i0.wp.com\/www.kampfumanurin.de\/shop\/wp-content\/uploads\/2025\/11\/Leinwand-Taube2-1.jpg?fit=1200%2C940&ssl=1&resize=525%2C300 1.5x, https:\/\/i0.wp.com\/www.kampfumanurin.de\/shop\/wp-content\/uploads\/2025\/11\/Leinwand-Taube2-1.jpg?fit=1200%2C940&ssl=1&resize=700%2C400 2x, https:\/\/i0.wp.com\/www.kampfumanurin.de\/shop\/wp-content\/uploads\/2025\/11\/Leinwand-Taube2-1.jpg?fit=1200%2C940&ssl=1&resize=1050%2C600 3x"},"classes":[]},{"id":2894,"url":"https:\/\/www.kampfumanurin.de\/shop\/produkt\/leinwand-print-der-himmel-ist-nicht-aufgebrochen\/","url_meta":{"origin":2842,"position":5},"title":"Leinwand-Print Der Himmel ist nicht aufgebrochen","author":"antje-niendorf","date":"3. November 2025","format":false,"excerpt":"Aus der Reihe Blieb ich doch dort, wo der Horizont sich golden f\u00e4rbte. Der Druck wird auf 340 g\/m\u00b2 Canvas gefertigt, auf einen FSC-zertifizierten Echtholz-Keilrahmen gespannt und in meiner Werkstatt sorgf\u00e4ltig gepr\u00fcft, signiert und nummeriert. Jede Leinwand ist Teil einer kleinen Auflage von 10 Exemplaren \u2013 eigenst\u00e4ndig in ihrer Wirkung,\u2026","rel":"","context":"\u00c4hnlicher Beitrag","block_context":{"text":"\u00c4hnlicher Beitrag","link":""},"img":{"alt_text":"","src":"https:\/\/i0.wp.com\/www.kampfumanurin.de\/shop\/wp-content\/uploads\/2025\/11\/Leinwand-Der-Himmel-ist-nicht.jpg?fit=1200%2C1016&ssl=1&resize=350%2C200","width":350,"height":200,"srcset":"https:\/\/i0.wp.com\/www.kampfumanurin.de\/shop\/wp-content\/uploads\/2025\/11\/Leinwand-Der-Himmel-ist-nicht.jpg?fit=1200%2C1016&ssl=1&resize=350%2C200 1x, https:\/\/i0.wp.com\/www.kampfumanurin.de\/shop\/wp-content\/uploads\/2025\/11\/Leinwand-Der-Himmel-ist-nicht.jpg?fit=1200%2C1016&ssl=1&resize=525%2C300 1.5x, https:\/\/i0.wp.com\/www.kampfumanurin.de\/shop\/wp-content\/uploads\/2025\/11\/Leinwand-Der-Himmel-ist-nicht.jpg?fit=1200%2C1016&ssl=1&resize=700%2C400 2x, https:\/\/i0.wp.com\/www.kampfumanurin.de\/shop\/wp-content\/uploads\/2025\/11\/Leinwand-Der-Himmel-ist-nicht.jpg?fit=1200%2C1016&ssl=1&resize=1050%2C600 3x"},"classes":[]}],"jetpack_sharing_enabled":true,"_links":{"self":[{"href":"https:\/\/www.kampfumanurin.de\/shop\/wp-json\/wp\/v2\/product\/2842","targetHints":{"allow":["GET"]}}],"collection":[{"href":"https:\/\/www.kampfumanurin.de\/shop\/wp-json\/wp\/v2\/product"}],"about":[{"href":"https:\/\/www.kampfumanurin.de\/shop\/wp-json\/wp\/v2\/types\/product"}],"wp:featuredmedia":[{"embeddable":true,"href":"https:\/\/www.kampfumanurin.de\/shop\/wp-json\/wp\/v2\/media\/2939"}],"wp:attachment":[{"href":"https:\/\/www.kampfumanurin.de\/shop\/wp-json\/wp\/v2\/media?parent=2842"}],"wp:term":[{"taxonomy":"product_brand","embeddable":true,"href":"https:\/\/www.kampfumanurin.de\/shop\/wp-json\/wp\/v2\/product_brand?post=2842"},{"taxonomy":"product_cat","embeddable":true,"href":"https:\/\/www.kampfumanurin.de\/shop\/wp-json\/wp\/v2\/product_cat?post=2842"},{"taxonomy":"product_tag","embeddable":true,"href":"https:\/\/www.kampfumanurin.de\/shop\/wp-json\/wp\/v2\/product_tag?post=2842"}],"curies":[{"name":"wp","href":"https:\/\/api.w.org\/{rel}","templated":true}]}}