{"id":996,"date":"2022-03-14T11:15:53","date_gmt":"2022-03-14T10:15:53","guid":{"rendered":"https:\/\/kampfumanurin.de\/agb\/"},"modified":"2025-10-20T21:33:51","modified_gmt":"2025-10-20T19:33:51","slug":"agb","status":"publish","type":"page","link":"https:\/\/www.kampfumanurin.de\/shop\/agb\/","title":{"rendered":"AGB"},"content":{"rendered":"<p class=\"p1\"><b>Allgemeine Gesch\u00e4ftsbedingungen (AGB)<\/b><\/p>\n<p class=\"p4\"><b>\u00a7 1 Geltung, Begriffsdefinitionen<\/b><b><\/b><\/p>\n<p class=\"p1\">(1) Antje Niendorf, Winzerh\u00f6he 24, 14913 J\u00fcterbog, Deutschland (im Folgenden \u201ewir\u201c oder \u201eAntje Niendorf\u201c) betreibt auf der Website <a href=\"https:\/\/kampfumanurin.de\/shop\">https:\/\/kampfumanurin.de\/shop<\/a> einen Online-Shop f\u00fcr Waren. Die nachfolgenden allgemeinen Gesch\u00e4ftsbedingungen gelten f\u00fcr alle Leistungen zwischen uns und den Kunden (im Folgenden \u201eKunde\u201c oder \u201eSie\u201c) in ihrer zum Zeitpunkt der Bestellung g\u00fcltigen Fassung, soweit nicht ausdr\u00fccklich etwas anderes vereinbart wurde.<\/p>\n<p class=\"p1\">(2) \u201eVerbraucher\u201c im Sinne dieser Gesch\u00e4ftsbedingungen ist jede nat\u00fcrliche Person, die ein Rechtsgesch\u00e4ft zu Zwecken abschlie\u00dft, die \u00fcberwiegend weder ihrer gewerblichen noch ihrer selbst\u00e4ndigen beruflichen T\u00e4tigkeit zugerechnet werden k\u00f6nnen. \u201eUnternehmer\u201c ist eine nat\u00fcrliche oder juristische Person oder eine rechtsf\u00e4hige Personengesellschaft, die bei Abschluss eines Rechtsgesch\u00e4fts in Aus\u00fcbung ihrer gewerblichen oder selbst\u00e4ndigen beruflichen T\u00e4tigkeit handelt. Eine rechtsf\u00e4hige Personengesellschaft ist eine Personengesellschaft, die die F\u00e4higkeit besitzt, Rechte zu erwerben und Verbindlichkeiten einzugehen.<\/p>\n<p class=\"p4\"><b>\u00a7 2 Zustandekommen des Vertrages und Speicherung des Vertragstextes<\/b><b><\/b><\/p>\n<p class=\"p1\">(1) Die folgenden Regelungen \u00fcber den Vertragsabschluss gelten f\u00fcr Bestellungen \u00fcber unseren Online-Shop unter <a href=\"https:\/\/kampfumanurin.de\/shop\">https:\/\/kampfumanurin.de\/shop<\/a>.<\/p>\n<p class=\"p1\">(2) Unsere Produktdarstellungen im Internet sind unverbindlich und kein verbindliches Angebot zum Abschluss eines Vertrages.<\/p>\n<p class=\"p1\">(3) Bei Eingang einer Bestellung in unserem Online-Shop gilt Folgendes:<\/p>\n<p class=\"p1\">Der Kunde gibt ein bindendes Vertragsangebot ab, indem er die im Shop vorgesehene Bestellprozedur durchl\u00e4uft. Die Bestellung erfolgt in folgenden Schritten:<\/p>\n<ul>\n<li>\n<p class=\"p1\">Auswahl der gew\u00fcnschten Ware,<\/p>\n<\/li>\n<li>\n<p class=\"p1\">Hinzuf\u00fcgen der Produkte durch Anklicken des entsprechenden Buttons (z. B. \u201eIn den Warenkorb\u201c oder \u201eIn die Einkaufstasche\u201c),<\/p>\n<\/li>\n<li>\n<p class=\"p1\">Pr\u00fcfung der Angaben im Warenkorb,<\/p>\n<\/li>\n<li>\n<p class=\"p1\">Aufrufen der Bestell\u00fcbersicht (z. B. \u201eWeiter zur Kasse\u201c oder \u201eZur Bestell\u00fcbersicht\u201c),<\/p>\n<\/li>\n<li>\n<p class=\"p1\">Eingabe und Pr\u00fcfung der Adress- und Kontaktdaten, Auswahl der Zahlungsart, Best\u00e4tigung von AGB und Widerrufsbelehrung,<\/p>\n<\/li>\n<li>\n<p class=\"p1\">ggf. Best\u00e4tigung einer abweichenden Beschaffenheit (\u201enegative Beschaffenheitsvereinbarung\u201c),<\/p>\n<\/li>\n<li>\n<p class=\"p1\">Abschluss der Bestellung durch Bet\u00e4tigung des Buttons \u201eJetzt kaufen\u201c.<\/p>\n<\/li>\n<\/ul>\n<p class=\"p1\">Der Vertrag kommt zustande, sobald Ihnen innerhalb von drei Werktagen eine Bestellbest\u00e4tigung per E-Mail zugeht.<\/p>\n<p class=\"p1\">(4) Im Falle des Vertragsschlusses kommt der Vertrag mit Antje Niendorf, Winzerh\u00f6he 24, 14913 J\u00fcterbog, Deutschland zustande.<\/p>\n<p class=\"p1\">(5) Vor der Bestellung k\u00f6nnen die Vertragsdaten \u00fcber die Druckfunktion des Browsers ausgedruckt oder elektronisch gespeichert werden. Die Abwicklung der Bestellung und die \u00dcbermittlung aller Informationen, insbesondere der Bestelldaten, AGB und Widerrufsbelehrung, erfolgen per E-Mail nach Ausl\u00f6sen der Bestellung. Wir speichern den Vertragstext nach Vertragsschluss nicht gesondert.<\/p>\n<p class=\"p1\">(6) Eingabefehler k\u00f6nnen mittels der \u00fcblichen Tastatur-, Maus- und Browserfunktionen (z. B. \u201eZur\u00fcck\u201c-Button) berichtigt werden oder durch Abbrechen des Bestellvorgangs und erneutes Starten.<\/p>\n<p class=\"p1\">(7) Sie haben sicherzustellen, dass die von Ihnen hinterlegte E-Mail-Adresse zutreffend ist und dass unsere Nachrichten nicht durch Spam-Filter blockiert werden.<\/p>\n<p class=\"p4\"><b>\u00a7 3 Vertragsgegenstand und wesentliche Merkmale der Produkte<\/b><b><\/b><\/p>\n<p class=\"p1\">(1) Vertragsgegenstand ist der Verkauf von Waren \u00fcber unseren Online-Shop. Die konkret angebotenen Produkte k\u00f6nnen Sie den jeweiligen Artikelseiten entnehmen.<\/p>\n<p class=\"p1\">(2) Die wesentlichen Merkmale der Ware finden sich in der Artikelbeschreibung. Sofern die vereinbarte Beschaffenheit der Ware von deren \u00fcblichen Eigenschaften abweicht, wird darauf in der Artikelbeschreibung ausdr\u00fccklich hingewiesen (\u201enegative Beschaffenheitsvereinbarung\u201c). Soweit der Kunde dieser abweichenden Beschaffenheit ausdr\u00fccklich zustimmt, definiert sie den Vertragsgegenstand.<\/p>\n<p class=\"p4\"><b>\u00a7 4 Preise, Versandkosten und Lieferung<\/b><b><\/b><\/p>\n<p class=\"p1\">(1) Die in den Angeboten angef\u00fchrten Preise sowie die Versandkosten sind Gesamtpreise und beinhalten alle Preisbestandteile einschlie\u00dflich Steuern.<\/p>\n<p class=\"p1\">(2) Der Kaufpreis ist vor Lieferung zu zahlen (Vorkasse), sofern nicht ausdr\u00fccklich eine andere Zahlungsart angeboten wird. Die verf\u00fcgbaren Zahlungsarten werden im Shop ausgewiesen.<\/p>\n<p class=\"p1\">(3) Zus\u00e4tzlich zu den angegebenen Preisen k\u00f6nnen Versandkosten anfallen, sofern der Artikel nicht als versandkostenfrei gekennzeichnet ist. Die Versandkosten werden im Warenkorb und auf der Bestell\u00fcbersicht deutlich angezeigt.<\/p>\n<p class=\"p1\">(4) Alle Produkte sind, sofern nicht anders angegeben, sofort versandfertig (Lieferzeit 3\u20135 Werktage nach Zahlungseingang).<\/p>\n<p class=\"p1\">(5) Die Lieferung erfolgt innerhalb Deutschlands.<\/p>\n<p class=\"p1\">(6) Scheitert die Zustellung aus Gr\u00fcnden, die Sie zu vertreten haben, tragen Sie die dadurch entstehenden Kosten. Dies gilt nicht f\u00fcr die Kosten der Hinsendung, wenn Sie Ihr Widerrufsrecht wirksam aus\u00fcben. F\u00fcr die R\u00fccksendekosten gilt die Regelung in unserer <a href=\"https:\/\/www.kampfumanurin.de\/shop\/widerrufsbelehrung\/\">Widerrufsbelehrung<\/a>.<\/p>\n<p class=\"p4\"><b>\u00a7 5 Zur\u00fcckbehaltungsrecht und Eigentumsvorbehalt<\/b><b><\/b><\/p>\n<p class=\"p1\">(1) Ein Zur\u00fcckbehaltungsrecht besteht nur bei Forderungen aus demselben Vertragsverh\u00e4ltnis.<\/p>\n<p class=\"p1\">(2) Die Ware bleibt bis zur vollst\u00e4ndigen Zahlung des Kaufpreises unser Eigentum.<\/p>\n<p class=\"p4\"><b>\u00a7 6 Widerrufsrecht<\/b><b><\/b><\/p>\n<p class=\"p1\">Verbraucher haben ein Widerrufsrecht nach Ma\u00dfgabe unserer <a href=\"https:\/\/www.kampfumanurin.de\/shop\/widerrufsbelehrung\/\">Widerrufsbelehrung<\/a>, die im Bestellprozess und in der Bestellbest\u00e4tigung per E-Mail bereitgestellt wird.<\/p>\n<p class=\"p4\"><b>\u00a7 7 Vertragssprache<\/b><b><\/b><\/p>\n<p class=\"p1\">Die Vertragssprache ist Deutsch.<\/p>\n<p class=\"p4\"><b>\u00a7 8 Haftung<\/b><b><\/b><\/p>\n<p class=\"p1\">(1) Soweit nachfolgend nichts anderes bestimmt ist, haften wir bei Pflichtverletzungen oder unerlaubten Handlungen nur f\u00fcr Vorsatz und grobe Fahrl\u00e4ssigkeit.<\/p>\n<p class=\"p1\">(2) Bei leichter Fahrl\u00e4ssigkeit haften wir unbeschr\u00e4nkt im Falle der Verletzung des Lebens, des K\u00f6rpers oder der Gesundheit sowie bei Verletzung wesentlicher Vertragspflichten. In diesen F\u00e4llen ist die Haftung f\u00fcr Sach- und Verm\u00f6genssch\u00e4den auf den vertragstypisch vorhersehbaren Schaden begrenzt. Wesentliche Vertragspflichten sind solche, deren Erf\u00fcllung die ordnungsgem\u00e4\u00dfe Durchf\u00fchrung des Vertrages \u00fcberhaupt erst erm\u00f6glicht und auf deren Einhaltung Sie regelm\u00e4\u00dfig vertrauen d\u00fcrfen.<\/p>\n<p class=\"p4\"><b>\u00a7 9 Gew\u00e4hrleistung<\/b><b><\/b><\/p>\n<p class=\"p1\">(1) Die Gew\u00e4hrleistung richtet sich nach den gesetzlichen Bestimmungen.<\/p>\n<p class=\"p1\">(2) Gegen\u00fcber Unternehmern betr\u00e4gt die Gew\u00e4hrleistungsfrist auf gelieferte Sachen 12 Monate.<\/p>\n<p class=\"p1\">(3) Verbraucher werden gebeten, die Ware bei Erhalt auf Vollst\u00e4ndigkeit und offensichtliche M\u00e4ngel zu pr\u00fcfen und uns sowie dem Transportdienst Beanstandungen zeitnah mitzuteilen. Eine unterlassene Anzeige hat keine Auswirkungen auf Ihre gesetzlichen Gew\u00e4hrleistungsrechte.<\/p>\n<p class=\"p4\"><b>\u00a7 10 Schlussbestimmungen \u2013 Streitbeilegung<\/b><b><\/b><\/p>\n<p class=\"p1\">(1) Es gilt deutsches Recht. Bei Verbrauchern gilt diese Rechtswahl nur, soweit hierdurch der durch zwingende Bestimmungen des Rechts des Staates des gew\u00f6hnlichen Aufenthalts des Verbrauchers gew\u00e4hrte Schutz nicht entzogen wird (G\u00fcnstigkeitsprinzip).<\/p>\n<p class=\"p1\">(2) Das UN-Kaufrecht findet keine Anwendung.<\/p>\n<p class=\"p1\">(3) Sofern es sich beim Kunden um einen Kaufmann, eine juristische Person des \u00f6ffentlichen Rechts oder ein \u00f6ffentlich-rechtliches Sonderverm\u00f6gen handelt, ist Gerichtsstand f\u00fcr alle Streitigkeiten aus dem Vertragsverh\u00e4ltnis der Sitz des Anbieters.<\/p>\n<p class=\"p1\">(4) \n\nZur Teilnahme an einem Streitbeilegungsverfahren vor einer Verbraucherschlichtungsstelle sind wir nicht verpflichtet und nicht bereit.<\/p>\n<p class=\"p1\"><i>Stand: Oktober 2025<\/i><i><\/i><\/p>\n","protected":false},"excerpt":{"rendered":"<p>Allgemeine Gesch\u00e4ftsbedingungen (AGB) \u00a7 1 Geltung, Begriffsdefinitionen (1) Antje Niendorf, Winzerh\u00f6he 24, 14913 J\u00fcterbog, Deutschland (im Folgenden \u201ewir\u201c oder \u201eAntje Niendorf\u201c) betreibt auf der Website https:\/\/kampfumanurin.de\/shop einen Online-Shop f\u00fcr Waren. Die nachfolgenden allgemeinen Gesch\u00e4ftsbedingungen gelten f\u00fcr alle Leistungen zwischen uns und den Kunden (im Folgenden \u201eKunde\u201c oder \u201eSie\u201c) in ihrer zum Zeitpunkt der Bestellung g\u00fcltigen [&hellip;]<\/p>\n","protected":false},"author":1,"featured_media":0,"parent":0,"menu_order":0,"comment_status":"closed","ping_status":"closed","template":"","meta":{"footnotes":""},"class_list":["post-996","page","type-page","status-publish","hentry"],"jetpack-related-posts":[{"id":997,"url":"https:\/\/www.kampfumanurin.de\/shop\/widerrufsbelehrung\/","url_meta":{"origin":996,"position":0},"title":"Widerrufsbelehrung","author":"antje-niendorf","date":"14. M\u00e4rz 2022","format":false,"excerpt":"Widerrufsrecht Du hast das Recht, binnen vierzehn Tagen ohne Angabe von Gr\u00fcnden diesen Vertrag zu widerrufen. Die Widerrufsfrist betr\u00e4gt vierzehn Tage ab dem Tag, an dem du oder ein von dir benannter Dritter, der nicht der Bef\u00f6rderer ist, die Waren in Besitz genommen hast bzw. hat. Um dein Widerrufsrecht auszu\u00fcben,\u2026","rel":"","context":"\u00c4hnlicher Beitrag","block_context":{"text":"\u00c4hnlicher Beitrag","link":""},"img":{"alt_text":"","src":"","width":0,"height":0},"classes":[]},{"id":989,"url":"https:\/\/www.kampfumanurin.de\/shop\/rueckerstattung_rueckgaben\/","url_meta":{"origin":996,"position":1},"title":"R\u00fcckgabe- und R\u00fcckerstattungsrichtlinie","author":"antje-niendorf","date":"16. Juli 2025","format":false,"excerpt":"Ich verkaufe B\u00fccher, viele davon mit pers\u00f6nlicher Widmung. Bitte beachte daher folgende Hinweise: Vom Umtausch ausgeschlossen: Personalisierte B\u00fccher mit Widmung sind vom Umtausch und von der R\u00fcckgabe ausgeschlossen (\u00a7 312g Abs. 2 Nr. 1 BGB). R\u00fcckgabe unpersonalisierter B\u00fccher: Solltest du ein unpersonalisiertes Buch zur\u00fcckgeben wollen, ist dies innerhalb von 14\u2026","rel":"","context":"\u00c4hnlicher Beitrag","block_context":{"text":"\u00c4hnlicher Beitrag","link":""},"img":{"alt_text":"","src":"","width":0,"height":0},"classes":[]},{"id":987,"url":"https:\/\/www.kampfumanurin.de\/shop\/kasse-2\/","url_meta":{"origin":996,"position":2},"title":"Kasse","author":"antje-niendorf","date":"14. M\u00e4rz 2022","format":false,"excerpt":"zur\u00fcck zum Shop Bitte beachte: B\u00fccher mit pers\u00f6nlicher Widmung sind vom Widerrufsrecht ausgeschlossen.","rel":"","context":"\u00c4hnlicher Beitrag","block_context":{"text":"\u00c4hnlicher Beitrag","link":""},"img":{"alt_text":"","src":"","width":0,"height":0},"classes":[]},{"id":986,"url":"https:\/\/www.kampfumanurin.de\/shop\/warenkorb\/","url_meta":{"origin":996,"position":3},"title":"Warenkorb","author":"antje-niendorf","date":"14. M\u00e4rz 2022","format":false,"excerpt":"Bitte beachte: B\u00fccher mit pers\u00f6nlicher Widmung sind vom Widerrufsrecht ausgeschlossen.","rel":"","context":"\u00c4hnlicher Beitrag","block_context":{"text":"\u00c4hnlicher Beitrag","link":""},"img":{"alt_text":"","src":"","width":0,"height":0},"classes":[]},{"id":3050,"url":"https:\/\/www.kampfumanurin.de\/shop\/ueber-mich\/","url_meta":{"origin":996,"position":4},"title":"Hallo, Ich bin Antje Niendorf\u2026","author":"antje-niendorf","date":"10. November 2025","format":false,"excerpt":"Hallo, Ich bin Antje Niendorf \u2013 Autorin, K\u00fcnstlerin und Coach. Nach Jahren in Werbung und Marketing habe ich begonnen, meine eigene Sprache zu finden \u2013 zwischen Literatur, Kunst und Bewusstsein. Ich schreibe Romane, und meine erste Ver\u00f6ffentlichung ist die Fantasyreihe\u00a0\u201eKampf um Anurin\u201c, die bislang drei B\u00e4nde umfasst. Von Haus aus\u2026","rel":"","context":"\u00c4hnlicher Beitrag","block_context":{"text":"\u00c4hnlicher Beitrag","link":""},"img":{"alt_text":"","src":"https:\/\/i0.wp.com\/www.kampfumanurin.de\/shop\/wp-content\/uploads\/2025\/06\/Hagendorf_248sw-scaled.jpg?resize=350%2C200&ssl=1","width":350,"height":200,"srcset":"https:\/\/i0.wp.com\/www.kampfumanurin.de\/shop\/wp-content\/uploads\/2025\/06\/Hagendorf_248sw-scaled.jpg?resize=350%2C200&ssl=1 1x, https:\/\/i0.wp.com\/www.kampfumanurin.de\/shop\/wp-content\/uploads\/2025\/06\/Hagendorf_248sw-scaled.jpg?resize=525%2C300&ssl=1 1.5x, https:\/\/i0.wp.com\/www.kampfumanurin.de\/shop\/wp-content\/uploads\/2025\/06\/Hagendorf_248sw-scaled.jpg?resize=700%2C400&ssl=1 2x, https:\/\/i0.wp.com\/www.kampfumanurin.de\/shop\/wp-content\/uploads\/2025\/06\/Hagendorf_248sw-scaled.jpg?resize=1050%2C600&ssl=1 3x, https:\/\/i0.wp.com\/www.kampfumanurin.de\/shop\/wp-content\/uploads\/2025\/06\/Hagendorf_248sw-scaled.jpg?resize=1400%2C800&ssl=1 4x"},"classes":[]},{"id":998,"url":"https:\/\/www.kampfumanurin.de\/shop\/versandarten\/","url_meta":{"origin":996,"position":5},"title":"Versand &amp; Zahlung","author":"antje-niendorf","date":"14. M\u00e4rz 2022","format":false,"excerpt":"\ud83d\udce6 Versand Der Versand meiner\u00a0B\u00fccher\u00a0ist f\u00fcr dich immer\u00a0kostenfrei\u00a0\u2013 ganz gleich, wie viele Exemplare du bestellst. Kalender,\u00a0Notizb\u00fccher,\u00a0Fine Art Prints\u00a0und\u00a0Leinw\u00e4nde\u00a0werden als\u00a0versichertes Paket\u00a0verschickt. F\u00fcr diese Artikel gilt eine\u00a0Versandkostenpauschale von 4,90\u00a0pro Bestellung. Bierdeckel-Editionen\u00a0und\u00a0Postkarten-Bundles\u00a0versende ich als Brief. Der Versand erfolgt in der Regel innerhalb von\u00a02\u20134 Werktagen nach Zahlungseingang. Alle Sendungen werden sorgf\u00e4ltig verpackt, um deine\u2026","rel":"","context":"\u00c4hnlicher Beitrag","block_context":{"text":"\u00c4hnlicher Beitrag","link":""},"img":{"alt_text":"","src":"","width":0,"height":0},"classes":[]}],"jetpack_sharing_enabled":true,"_links":{"self":[{"href":"https:\/\/www.kampfumanurin.de\/shop\/wp-json\/wp\/v2\/pages\/996","targetHints":{"allow":["GET"]}}],"collection":[{"href":"https:\/\/www.kampfumanurin.de\/shop\/wp-json\/wp\/v2\/pages"}],"about":[{"href":"https:\/\/www.kampfumanurin.de\/shop\/wp-json\/wp\/v2\/types\/page"}],"author":[{"embeddable":true,"href":"https:\/\/www.kampfumanurin.de\/shop\/wp-json\/wp\/v2\/users\/1"}],"replies":[{"embeddable":true,"href":"https:\/\/www.kampfumanurin.de\/shop\/wp-json\/wp\/v2\/comments?post=996"}],"version-history":[{"count":6,"href":"https:\/\/www.kampfumanurin.de\/shop\/wp-json\/wp\/v2\/pages\/996\/revisions"}],"predecessor-version":[{"id":2679,"href":"https:\/\/www.kampfumanurin.de\/shop\/wp-json\/wp\/v2\/pages\/996\/revisions\/2679"}],"wp:attachment":[{"href":"https:\/\/www.kampfumanurin.de\/shop\/wp-json\/wp\/v2\/media?parent=996"}],"curies":[{"name":"wp","href":"https:\/\/api.w.org\/{rel}","templated":true}]}}