{"id":3,"date":"2020-06-03T21:57:54","date_gmt":"2020-06-03T19:57:54","guid":{"rendered":"http:\/\/kampfumanurin.de\/?page_id=3"},"modified":"2025-06-09T20:22:22","modified_gmt":"2025-06-09T18:22:22","slug":"privacy-policy","status":"publish","type":"page","link":"https:\/\/www.kampfumanurin.de\/shop\/privacy-policy\/","title":{"rendered":"Datenschutz"},"content":{"rendered":"\n<p><strong>Datenschutzerkl\u00e4rung<\/strong><\/p>\n\n\n\n<p>Der Schutz deiner pers\u00f6nlichen Daten ist mir wichtig. Nachfolgend informiere ich dich dar\u00fcber, welche personenbezogenen Daten auf dieser Website erfasst und zu welchen Zwecken sie verwendet werden.<\/p>\n\n\n\n<h3 class=\"wp-block-heading\"><strong>1. Verantwortliche Stelle<\/strong><\/h3>\n\n\n\n<p>Antje Niendorf<\/p>\n\n\n\n<p>Winzerh\u00f6he 24<\/p>\n\n\n\n<p>14913 J\u00fcterbog<\/p>\n\n\n\n<p>E-Mail: kontakt@kampfumanurin.de<\/p>\n\n\n\n<h3 class=\"wp-block-heading\"><strong>2. Zugriffsdaten und Hosting<\/strong><\/h3>\n\n\n\n<p>Beim Besuch dieser Website werden automatisch Daten wie IP-Adresse, Uhrzeit des Zugriffs, Browsertyp und besuchte Seiten durch den Webserver gespeichert. Diese Daten dienen der technischen Sicherheit und der statistischen Auswertung. Eine Zusammenf\u00fchrung mit anderen Daten erfolgt nicht.<\/p>\n\n\n\n<h3 class=\"wp-block-heading\"><strong>3. Einsatz von Cookies &amp; Klaro Consent Manager<\/strong><\/h3>\n\n\n\n<p>Diese Website verwendet Cookies. Du kannst \u00fcber das Cookie-Banner (bereitgestellt durch den Klaro Consent Manager) entscheiden, welche Cookies gesetzt werden. Ohne deine Zustimmung werden keine nicht-technisch notwendigen Cookies aktiviert.<\/p>\n\n\n\n<h3 class=\"wp-block-heading\"><strong>4. Google Analytics<\/strong><\/h3>\n\n\n\n<p>Sofern du zustimmst, wird Google Analytics eingesetzt, um das Nutzerverhalten auszuwerten. Anbieter ist Google Ireland Ltd., Gordon House, Barrow Street, Dublin 4, Irland. IP-Adressen werden anonymisiert. Weitere Informationen:&nbsp;<a href=\"https:\/\/policies.google.com\/privacy\">https:\/\/policies.google.com\/privacy<\/a><\/p>\n\n\n\n<h3 class=\"wp-block-heading\"><strong>5. Kontaktformular<\/strong><\/h3>\n\n\n\n<p>Wenn du \u00fcber das Kontaktformular mit mir in Verbindung trittst, werden deine Angaben zur Bearbeitung der Anfrage gespeichert. Diese Daten gebe ich nicht ohne deine Einwilligung weiter.<\/p>\n\n\n\n<h3 class=\"wp-block-heading\"><strong>6. Newsletter<\/strong><\/h3>\n\n\n\n<p>Wenn du dich f\u00fcr meinen Newsletter anmeldest, werden deine E-Mail-Adresse und ggf. dein Name gespeichert. Der Versand erfolgt \u00fcber das WordPress-Plugin \u201eNewsletter\u201c. Du kannst den Newsletter jederzeit \u00fcber den Link im Footer der Mail abbestellen.<\/p>\n\n\n\n<h3 class=\"wp-block-heading\"><strong>7. Externe Links<\/strong><\/h3>\n\n\n\n<p>Diese Seite enth\u00e4lt Links zu externen Anbietern wie Amazon, Linktree oder Spotify. F\u00fcr die Inhalte dieser Anbieter bin ich nicht verantwortlich. Es gelten jeweils deren Datenschutzrichtlinien.<\/p>\n\n\n\n<h3 class=\"wp-block-heading\"><strong>8. Deine Rechte<\/strong><\/h3>\n\n\n\n<p>Du hast das Recht auf Auskunft, Berichtigung, L\u00f6schung oder Einschr\u00e4nkung der Verarbeitung deiner personenbezogenen Daten sowie ein Recht auf Daten\u00fcbertragbarkeit. Zudem kannst du jederzeit eine Einwilligung widerrufen.<\/p>\n\n\n\n<h3 class=\"wp-block-heading\"><strong>9. Kontakt zur Datenschutzstelle<\/strong><\/h3>\n\n\n\n<p>Wenn du Fragen zum Datenschutz hast, erreichst du mich unter: kontakt@kampfumanurin.de<\/p>\n","protected":false},"excerpt":{"rendered":"<p>Datenschutzerkl\u00e4rung Der Schutz deiner pers\u00f6nlichen Daten ist mir wichtig. Nachfolgend informiere ich dich dar\u00fcber, welche personenbezogenen Daten auf dieser Website erfasst und zu welchen Zwecken sie verwendet werden. 1. Verantwortliche Stelle Antje Niendorf Winzerh\u00f6he 24 14913 J\u00fcterbog E-Mail: kontakt@kampfumanurin.de 2. Zugriffsdaten und Hosting Beim Besuch dieser Website werden automatisch Daten wie IP-Adresse, Uhrzeit des Zugriffs, [&hellip;]<\/p>\n","protected":false},"author":1,"featured_media":0,"parent":0,"menu_order":0,"comment_status":"closed","ping_status":"closed","template":"","meta":{"footnotes":""},"class_list":["post-3","page","type-page","status-publish","hentry"],"jetpack-related-posts":[{"id":994,"url":"https:\/\/www.kampfumanurin.de\/shop\/datenschutzerklaerung\/","url_meta":{"origin":3,"position":0},"title":"Datenschutzerkl\u00e4rung","author":"antje-niendorf","date":"14. M\u00e4rz 2022","format":false,"excerpt":"1. Datenschutz auf einen Blick Allgemeine Hinweise Die folgenden Hinweise geben einen einfachen \u00dcberblick dar\u00fcber, was mit Ihren personenbezogenen Daten passiert, wenn Sie diese Website besuchen. Personenbezogene Daten sind alle Daten, mit denen Sie pers\u00f6nlich identifiziert werden k\u00f6nnen. Ausf\u00fchrliche Informationen zum Thema Datenschutz entnehmen Sie unserer unter diesem Text aufgef\u00fchrten\u2026","rel":"","context":"\u00c4hnlicher Beitrag","block_context":{"text":"\u00c4hnlicher Beitrag","link":""},"img":{"alt_text":"","src":"","width":0,"height":0},"classes":[]},{"id":419,"url":"https:\/\/www.kampfumanurin.de\/shop\/cookie-policy\/","url_meta":{"origin":3,"position":1},"title":"Cookie Policy","author":"antje-niendorf","date":"31. August 2021","format":false,"excerpt":"\u00dcber diese Cookie-Richtlinie Diese Cookie-Richtlinie erkl\u00e4rt, was Cookies sind und wie wir sie verwenden, welche Arten von Cookies wir verwenden, d. h. die Informationen, die wir mithilfe von Cookies sammeln und wie diese Informationen verwendet werden, und wie Sie die Cookie-Einstellungen steuern. Weitere Informationen dar\u00fcber, wie wir Ihre personenbezogenen Daten\u2026","rel":"","context":"\u00c4hnlicher Beitrag","block_context":{"text":"\u00c4hnlicher Beitrag","link":""},"img":{"alt_text":"","src":"","width":0,"height":0},"classes":[]},{"id":996,"url":"https:\/\/www.kampfumanurin.de\/shop\/agb\/","url_meta":{"origin":3,"position":2},"title":"AGB","author":"antje-niendorf","date":"14. M\u00e4rz 2022","format":false,"excerpt":"Allgemeine Gesch\u00e4ftsbedingungen (AGB) \u00a7 1 Geltung, Begriffsdefinitionen (1) Antje Niendorf, Winzerh\u00f6he 24, 14913 J\u00fcterbog, Deutschland (im Folgenden \u201ewir\u201c oder \u201eAntje Niendorf\u201c) betreibt auf der Website https:\/\/kampfumanurin.de\/shop einen Online-Shop f\u00fcr Waren. Die nachfolgenden allgemeinen Gesch\u00e4ftsbedingungen gelten f\u00fcr alle Leistungen zwischen uns und den Kunden (im Folgenden \u201eKunde\u201c oder \u201eSie\u201c) in ihrer\u2026","rel":"","context":"\u00c4hnlicher Beitrag","block_context":{"text":"\u00c4hnlicher Beitrag","link":""},"img":{"alt_text":"","src":"","width":0,"height":0},"classes":[]},{"id":997,"url":"https:\/\/www.kampfumanurin.de\/shop\/widerrufsbelehrung\/","url_meta":{"origin":3,"position":3},"title":"Widerrufsbelehrung","author":"antje-niendorf","date":"14. M\u00e4rz 2022","format":false,"excerpt":"Widerrufsrecht Du hast das Recht, binnen vierzehn Tagen ohne Angabe von Gr\u00fcnden diesen Vertrag zu widerrufen. Die Widerrufsfrist betr\u00e4gt vierzehn Tage ab dem Tag, an dem du oder ein von dir benannter Dritter, der nicht der Bef\u00f6rderer ist, die Waren in Besitz genommen hast bzw. hat. Um dein Widerrufsrecht auszu\u00fcben,\u2026","rel":"","context":"\u00c4hnlicher Beitrag","block_context":{"text":"\u00c4hnlicher Beitrag","link":""},"img":{"alt_text":"","src":"","width":0,"height":0},"classes":[]},{"id":986,"url":"https:\/\/www.kampfumanurin.de\/shop\/warenkorb\/","url_meta":{"origin":3,"position":4},"title":"Warenkorb","author":"antje-niendorf","date":"14. M\u00e4rz 2022","format":false,"excerpt":"Bitte beachte: B\u00fccher mit pers\u00f6nlicher Widmung sind vom Widerrufsrecht ausgeschlossen.","rel":"","context":"\u00c4hnlicher Beitrag","block_context":{"text":"\u00c4hnlicher Beitrag","link":""},"img":{"alt_text":"","src":"","width":0,"height":0},"classes":[]},{"id":987,"url":"https:\/\/www.kampfumanurin.de\/shop\/kasse-2\/","url_meta":{"origin":3,"position":5},"title":"Kasse","author":"antje-niendorf","date":"14. M\u00e4rz 2022","format":false,"excerpt":"zur\u00fcck zum Shop Bitte beachte: B\u00fccher mit pers\u00f6nlicher Widmung sind vom Widerrufsrecht ausgeschlossen.","rel":"","context":"\u00c4hnlicher Beitrag","block_context":{"text":"\u00c4hnlicher Beitrag","link":""},"img":{"alt_text":"","src":"","width":0,"height":0},"classes":[]}],"jetpack_sharing_enabled":true,"_links":{"self":[{"href":"https:\/\/www.kampfumanurin.de\/shop\/wp-json\/wp\/v2\/pages\/3","targetHints":{"allow":["GET"]}}],"collection":[{"href":"https:\/\/www.kampfumanurin.de\/shop\/wp-json\/wp\/v2\/pages"}],"about":[{"href":"https:\/\/www.kampfumanurin.de\/shop\/wp-json\/wp\/v2\/types\/page"}],"author":[{"embeddable":true,"href":"https:\/\/www.kampfumanurin.de\/shop\/wp-json\/wp\/v2\/users\/1"}],"replies":[{"embeddable":true,"href":"https:\/\/www.kampfumanurin.de\/shop\/wp-json\/wp\/v2\/comments?post=3"}],"version-history":[{"count":5,"href":"https:\/\/www.kampfumanurin.de\/shop\/wp-json\/wp\/v2\/pages\/3\/revisions"}],"predecessor-version":[{"id":2428,"href":"https:\/\/www.kampfumanurin.de\/shop\/wp-json\/wp\/v2\/pages\/3\/revisions\/2428"}],"wp:attachment":[{"href":"https:\/\/www.kampfumanurin.de\/shop\/wp-json\/wp\/v2\/media?parent=3"}],"curies":[{"name":"wp","href":"https:\/\/api.w.org\/{rel}","templated":true}]}}