{"id":132,"date":"2021-08-18T17:43:31","date_gmt":"2021-08-18T15:43:31","guid":{"rendered":"https:\/\/kampfumanurin.de\/?page_id=132"},"modified":"2025-06-09T20:24:48","modified_gmt":"2025-06-09T18:24:48","slug":"impressum","status":"publish","type":"page","link":"https:\/\/www.kampfumanurin.de\/shop\/impressum\/","title":{"rendered":"Impressum"},"content":{"rendered":"\n<h2 class=\"wp-block-heading\">Angaben gem\u00e4\u00df \u00a7 5 TMG<\/h2>\n\n\n\n<p>Antje Niendorf<\/p>\n\n\n\n<p>Winzerh\u00f6he 24<br>14913 J\u00fcterbog<\/p>\n\n\n\n<h2 class=\"wp-block-heading\">Kontakt<\/h2>\n\n\n\n<p>Telefon: 03372-4414441<br>E-Mail: post@idotpod.de<\/p>\n\n\n\n<h2 class=\"wp-block-heading\">Fotos auf dieser Webseite\/ FB\/ Instagram:<\/h2>\n\n\n\n<p>Autorinnenfotos:<\/p>\n\n\n\n<p>Julia Reiswig<br><a rel=\"noreferrer noopener\" href=\"http:\/\/www.juliasportr\u00e4t.de\" target=\"_blank\">www.juliasportr\u00e4t.de<\/a><\/p>\n\n\n\n<p>Anja P\u00f6tzsch, Atelier Straubel<\/p>\n\n\n\n<p>Fotos Online-Lesungen<\/p>\n\n\n\n<p>Carolin D\u00f6hler<br><a href=\"https:\/\/www.drei-30.de\" data-type=\"URL\" data-id=\"https:\/\/www.drei-30.de\" target=\"_blank\" rel=\"noreferrer noopener\">www.drei-30.de<\/a><\/p>\n\n\n\n<p>Cover-Design<\/p>\n\n\n\n<p>Ren\u00e9 Fehrmann<\/p>\n\n\n\n<h2 class=\"wp-block-heading\"><strong>Verantwortlich f\u00fcr den Inhalt nach \u00a7 55 Abs. 2 RStV<\/strong><\/h2>\n\n\n\n<p>Antje Niendorf<\/p>\n\n\n\n<p>Winzerh\u00f6he 24<\/p>\n\n\n\n<p>14913 J\u00fcterbog<\/p>\n\n\n\n<p><strong>Haftung f\u00fcr Inhalte<\/strong><\/p>\n\n\n\n<p>Als Diensteanbieter bin ich gem\u00e4\u00df \u00a7\u202f7 Abs.\u202f1 TMG f\u00fcr eigene Inhalte auf diesen Seiten nach den allgemeinen Gesetzen verantwortlich. Nach \u00a7\u00a7\u202f8 bis 10 TMG bin ich jedoch nicht verpflichtet, \u00fcbermittelte oder gespeicherte fremde Informationen zu \u00fcberwachen. Verpflichtungen zur Entfernung oder Sperrung der Nutzung von Informationen nach den allgemeinen Gesetzen bleiben unber\u00fchrt.<\/p>\n\n\n\n<p><strong>Haftung f\u00fcr Links<\/strong><\/p>\n\n\n\n<p>Mein Angebot enth\u00e4lt Links zu externen Webseiten Dritter, auf deren Inhalte ich keinen Einfluss habe. Deshalb \u00fcbernehme ich f\u00fcr diese fremden Inhalte auch keine Gew\u00e4hr. F\u00fcr die Inhalte der verlinkten Seiten ist stets der jeweilige Anbieter oder Betreiber verantwortlich.<\/p>\n\n\n\n<p><strong>Urheberrecht<\/strong><\/p>\n\n\n\n<p>Die durch die Seitenbetreiberin erstellten Inhalte und Werke auf dieser Website unterliegen dem deutschen Urheberrecht. Die Vervielf\u00e4ltigung, Bearbeitung und Verbreitung au\u00dferhalb der Grenzen des Urheberrechts bed\u00fcrfen der schriftlichen Zustimmung.<\/p>\n","protected":false},"excerpt":{"rendered":"<p>Angaben gem\u00e4\u00df \u00a7 5 TMG Antje Niendorf Winzerh\u00f6he 2414913 J\u00fcterbog Kontakt Telefon: 03372-4414441E-Mail: post@idotpod.de Fotos auf dieser Webseite\/ FB\/ Instagram: Autorinnenfotos: Julia Reiswigwww.juliasportr\u00e4t.de Anja P\u00f6tzsch, Atelier Straubel Fotos Online-Lesungen Carolin D\u00f6hlerwww.drei-30.de Cover-Design Ren\u00e9 Fehrmann Verantwortlich f\u00fcr den Inhalt nach \u00a7 55 Abs. 2 RStV Antje Niendorf Winzerh\u00f6he 24 14913 J\u00fcterbog Haftung f\u00fcr Inhalte Als Diensteanbieter [&hellip;]<\/p>\n","protected":false},"author":1,"featured_media":0,"parent":0,"menu_order":0,"comment_status":"closed","ping_status":"closed","template":"","meta":{"footnotes":""},"class_list":["post-132","page","type-page","status-publish","hentry"],"jetpack-related-posts":[{"id":3050,"url":"https:\/\/www.kampfumanurin.de\/shop\/ueber-mich\/","url_meta":{"origin":132,"position":0},"title":"Hallo, Ich bin Antje Niendorf\u2026","author":"antje-niendorf","date":"10. November 2025","format":false,"excerpt":"Hallo, Ich bin Antje Niendorf \u2013 Autorin, K\u00fcnstlerin und Coach. Nach Jahren in Werbung und Marketing habe ich begonnen, meine eigene Sprache zu finden \u2013 zwischen Literatur, Kunst und Bewusstsein. Ich schreibe Romane, und meine erste Ver\u00f6ffentlichung ist die Fantasyreihe\u00a0\u201eKampf um Anurin\u201c, die bislang drei B\u00e4nde umfasst. Von Haus aus\u2026","rel":"","context":"\u00c4hnlicher Beitrag","block_context":{"text":"\u00c4hnlicher Beitrag","link":""},"img":{"alt_text":"","src":"https:\/\/i0.wp.com\/www.kampfumanurin.de\/shop\/wp-content\/uploads\/2025\/06\/Hagendorf_248sw-scaled.jpg?resize=350%2C200&ssl=1","width":350,"height":200,"srcset":"https:\/\/i0.wp.com\/www.kampfumanurin.de\/shop\/wp-content\/uploads\/2025\/06\/Hagendorf_248sw-scaled.jpg?resize=350%2C200&ssl=1 1x, https:\/\/i0.wp.com\/www.kampfumanurin.de\/shop\/wp-content\/uploads\/2025\/06\/Hagendorf_248sw-scaled.jpg?resize=525%2C300&ssl=1 1.5x, https:\/\/i0.wp.com\/www.kampfumanurin.de\/shop\/wp-content\/uploads\/2025\/06\/Hagendorf_248sw-scaled.jpg?resize=700%2C400&ssl=1 2x, https:\/\/i0.wp.com\/www.kampfumanurin.de\/shop\/wp-content\/uploads\/2025\/06\/Hagendorf_248sw-scaled.jpg?resize=1050%2C600&ssl=1 3x, https:\/\/i0.wp.com\/www.kampfumanurin.de\/shop\/wp-content\/uploads\/2025\/06\/Hagendorf_248sw-scaled.jpg?resize=1400%2C800&ssl=1 4x"},"classes":[]}],"jetpack_sharing_enabled":true,"_links":{"self":[{"href":"https:\/\/www.kampfumanurin.de\/shop\/wp-json\/wp\/v2\/pages\/132","targetHints":{"allow":["GET"]}}],"collection":[{"href":"https:\/\/www.kampfumanurin.de\/shop\/wp-json\/wp\/v2\/pages"}],"about":[{"href":"https:\/\/www.kampfumanurin.de\/shop\/wp-json\/wp\/v2\/types\/page"}],"author":[{"embeddable":true,"href":"https:\/\/www.kampfumanurin.de\/shop\/wp-json\/wp\/v2\/users\/1"}],"replies":[{"embeddable":true,"href":"https:\/\/www.kampfumanurin.de\/shop\/wp-json\/wp\/v2\/comments?post=132"}],"version-history":[{"count":4,"href":"https:\/\/www.kampfumanurin.de\/shop\/wp-json\/wp\/v2\/pages\/132\/revisions"}],"predecessor-version":[{"id":2429,"href":"https:\/\/www.kampfumanurin.de\/shop\/wp-json\/wp\/v2\/pages\/132\/revisions\/2429"}],"wp:attachment":[{"href":"https:\/\/www.kampfumanurin.de\/shop\/wp-json\/wp\/v2\/media?parent=132"}],"curies":[{"name":"wp","href":"https:\/\/api.w.org\/{rel}","templated":true}]}}